{"id":757,"date":"2025-12-24T15:34:15","date_gmt":"2025-12-24T15:34:15","guid":{"rendered":"https:\/\/storeelectromaroc.com\/?post_type=product&#038;p=757"},"modified":"2026-04-03T14:53:18","modified_gmt":"2026-04-03T14:53:18","slug":"afficheur-oled-128x64-i2c-0-96-pouces","status":"publish","type":"product","link":"https:\/\/storeelectromaroc.com\/?product=afficheur-oled-128x64-i2c-0-96-pouces","title":{"rendered":"Afficheur OLED 128\u00d764 I2C 0.96 Pouces"},"content":{"rendered":"<h2>Tutoriel : Utilisation d\u2019un Afficheur OLED 128\u00d764 avec Arduino<\/h2>\n<hr \/>\n<h3>Sp\u00e9cification<\/h3>\n<ul>\n<li>Interface type: IIC interface<\/li>\n<li>Pin definition: GND, VCC, SCL, SDA<\/li>\n<li>1.GND(OLED power supply<\/li>\n<li>2.VCC (OLED 3.3~5V)<\/li>\n<li>3.SCL(OLED IIC Clock line)<\/li>\n<li>4.SDA(OLED IIC Cable)<\/li>\n<li>Color: Blue LED\/ White LED<\/li>\n<li>Resolution: 128\u00d764<\/li>\n<li>Power: 0.06W<\/li>\n<li>Temperature: -30\u00b0C to 70\u00b0C<\/li>\n<li>Dimension: 29.28 x 27.1 mm (LW)<\/li>\n<li>Compatible with 3.3V and 5V control chip I \/ O level<\/li>\n<li>OLED internal drive chip: SSD1306<\/li>\n<\/ul>\n<hr \/>\n<h3>Mat\u00e9riel<\/h3>\n<ul>\n<li>Ordinateur<\/li>\n<li><a href=\"https:\/\/megma.ma\/cartes-de-developpements\/carte-arduino-uno-r3-italy-cable-usb\/\" target=\"_blank\" rel=\"noopener\">Arduino UNO<\/a><\/li>\n<li>C\u00e2ble USB A M\u00e2le\/B M\u00e2le<\/li>\n<li>OLED TF052<\/li>\n<\/ul>\n<hr \/>\n<h3>Principe de fonctionnement<\/h3>\n<p>L\u2019afficheur OLED TF052 est bas\u00e9 sur le circuit SSD1306 et s\u2019interface \u00e0 l\u2019aide de la communication I2C.<\/p>\n<hr \/>\n<h3>Sch\u00e9ma<\/h3>\n<p>L\u2019\u00e9cran OLED pr\u00e9sente 4 broches pour permettre la gestion de l\u2019affichage. Il est aliment\u00e9 par le microcontr\u00f4leur et se connecte au bus I2C.<\/p>\n<ul>\n<li>GND Relier \u00e0 la masse du microcontr\u00f4leur<\/li>\n<li>VCC Broche d\u2019alimentation. Typiquement connect\u00e9e \u00e0 la broche 3V ou 5V du microcontr\u00f4leur.<\/li>\n<li>SCL Horloge de la communication I2C<\/li>\n<li>SDA Donn\u00e9es de la connexion I2C.<\/li>\n<\/ul>\n<div class=\"wp-block-image\"><\/div>\n","protected":false},"excerpt":{"rendered":"<p>Tutoriel : Utilisation d\u2019un Afficheur OLED 128\u00d764 avec Arduino Sp\u00e9cification Interface type: IIC interface Pin definition: GND, VCC, SCL, SDA [&hellip;]<\/p>\n","protected":false},"featured_media":758,"comment_status":"open","ping_status":"closed","template":"","meta":{"site-sidebar-layout":"default","site-content-layout":"","ast-site-content-layout":"default","site-content-style":"default","site-sidebar-style":"default","ast-global-header-display":"","ast-banner-title-visibility":"","ast-main-header-display":"","ast-hfb-above-header-display":"","ast-hfb-below-header-display":"","ast-hfb-mobile-header-display":"","site-post-title":"","ast-breadcrumbs-content":"","ast-featured-img":"","footer-sml-layout":"","ast-disable-related-posts":"","theme-transparent-header-meta":"default","adv-header-id-meta":"","stick-header-meta":"","header-above-stick-meta":"","header-main-stick-meta":"","header-below-stick-meta":"","astra-migrate-meta-layouts":"set","ast-page-background-enabled":"default","ast-page-background-meta":{"desktop":{"background-color":"var(--ast-global-color-4)","background-image":"","background-repeat":"repeat","background-position":"center center","background-size":"auto","background-attachment":"scroll","background-type":"","background-media":"","overlay-type":"","overlay-color":"","overlay-opacity":"","overlay-gradient":""},"tablet":{"background-color":"","background-image":"","background-repeat":"repeat","background-position":"center center","background-size":"auto","background-attachment":"scroll","background-type":"","background-media":"","overlay-type":"","overlay-color":"","overlay-opacity":"","overlay-gradient":""},"mobile":{"background-color":"","background-image":"","background-repeat":"repeat","background-position":"center center","background-size":"auto","background-attachment":"scroll","background-type":"","background-media":"","overlay-type":"","overlay-color":"","overlay-opacity":"","overlay-gradient":""}},"ast-content-background-meta":{"desktop":{"background-color":"var(--ast-global-color-5)","background-image":"","background-repeat":"repeat","background-position":"center center","background-size":"auto","background-attachment":"scroll","background-type":"","background-media":"","overlay-type":"","overlay-color":"","overlay-opacity":"","overlay-gradient":""},"tablet":{"background-color":"var(--ast-global-color-5)","background-image":"","background-repeat":"repeat","background-position":"center center","background-size":"auto","background-attachment":"scroll","background-type":"","background-media":"","overlay-type":"","overlay-color":"","overlay-opacity":"","overlay-gradient":""},"mobile":{"background-color":"var(--ast-global-color-5)","background-image":"","background-repeat":"repeat","background-position":"center center","background-size":"auto","background-attachment":"scroll","background-type":"","background-media":"","overlay-type":"","overlay-color":"","overlay-opacity":"","overlay-gradient":""}}},"product_brand":[],"product_cat":[23],"product_tag":[],"class_list":{"0":"post-757","1":"product","2":"type-product","3":"status-publish","4":"has-post-thumbnail","6":"product_cat-afficheurs-led","7":"desktop-align-left","8":"tablet-align-left","9":"mobile-align-left","11":"first","12":"instock","13":"shipping-taxable","14":"purchasable","15":"product-type-simple"},"jetpack_sharing_enabled":true,"_links":{"self":[{"href":"https:\/\/storeelectromaroc.com\/index.php?rest_route=\/wp\/v2\/product\/757","targetHints":{"allow":["GET"]}}],"collection":[{"href":"https:\/\/storeelectromaroc.com\/index.php?rest_route=\/wp\/v2\/product"}],"about":[{"href":"https:\/\/storeelectromaroc.com\/index.php?rest_route=\/wp\/v2\/types\/product"}],"replies":[{"embeddable":true,"href":"https:\/\/storeelectromaroc.com\/index.php?rest_route=%2Fwp%2Fv2%2Fcomments&post=757"}],"wp:featuredmedia":[{"embeddable":true,"href":"https:\/\/storeelectromaroc.com\/index.php?rest_route=\/wp\/v2\/media\/758"}],"wp:attachment":[{"href":"https:\/\/storeelectromaroc.com\/index.php?rest_route=%2Fwp%2Fv2%2Fmedia&parent=757"}],"wp:term":[{"taxonomy":"product_brand","embeddable":true,"href":"https:\/\/storeelectromaroc.com\/index.php?rest_route=%2Fwp%2Fv2%2Fproduct_brand&post=757"},{"taxonomy":"product_cat","embeddable":true,"href":"https:\/\/storeelectromaroc.com\/index.php?rest_route=%2Fwp%2Fv2%2Fproduct_cat&post=757"},{"taxonomy":"product_tag","embeddable":true,"href":"https:\/\/storeelectromaroc.com\/index.php?rest_route=%2Fwp%2Fv2%2Fproduct_tag&post=757"}],"curies":[{"name":"wp","href":"https:\/\/api.w.org\/{rel}","templated":true}]}}