{"id":1990,"date":"2026-01-25T21:55:42","date_gmt":"2026-01-25T21:55:42","guid":{"rendered":"https:\/\/storeelectromaroc.com\/?post_type=product&#038;p=1990"},"modified":"2026-03-31T17:15:41","modified_gmt":"2026-03-31T17:15:41","slug":"chargeur-de-batterie-rechargeable-li-ion-18650","status":"publish","type":"product","link":"https:\/\/storeelectromaroc.com\/?product=chargeur-de-batterie-rechargeable-li-ion-18650","title":{"rendered":"Chargeur de batterie rechargeable Li-ion 18650"},"content":{"rendered":"<h4>Caract\u00e9ristique\u00a0:<\/h4>\n<ol>\n<li>Travail \u00e0 large tension, universel mondial.<\/li>\n<li>Contr\u00f4le ind\u00e9pendant \u00e0 deux canaux sans interaction.<\/li>\n<li>Charge de r\u00e9paration OV de soutien.<\/li>\n<li>Charge intelligente en plusieurs \u00e9tapes : courant constant\/tension constante\/courant de ruissellement, charge de batterie plus compl\u00e8te et durable.<\/li>\n<li>Les batteries sont pleines d\u2019auto-recharges et n\u2019ont pas besoin d\u2019\u00eatre en service.<\/li>\n<li>Fonctions de protection multiples int\u00e9gr\u00e9es : sous-tension, surtension, surintensit\u00e9, surchauffe, protection contre les courts-circuits.<\/li>\n<li>Excellente conception de dissipation thermique pour prolonger la dur\u00e9e de vie des produits.<\/li>\n<\/ol>\n<h4>Sp\u00e9cification\u00a0:<\/h4>\n<ul>\n<li>Tension d\u2019entr\u00e9e : CA 100-240 V 50\/60 HZ<\/li>\n<li>Puissance d\u2019entr\u00e9e : 6 W MAX<\/li>\n<li>Tension de sortie : 4,2 V 1 %<\/li>\n<li>Courant de sortie : 500 mAh max X 2<\/li>\n<li>Batterie compatible : Li-ion : 18650<\/li>\n<li>Taille de l\u2019emballage\u00a0: 130*50*25 mm\/5,11*1,96*0,98 po<\/li>\n<\/ul>\n","protected":false},"excerpt":{"rendered":"<p>Caract\u00e9ristique\u00a0: Travail \u00e0 large tension, universel mondial. Contr\u00f4le ind\u00e9pendant \u00e0 deux canaux sans interaction. Charge de r\u00e9paration OV de soutien. [&hellip;]<\/p>\n","protected":false},"featured_media":1991,"comment_status":"open","ping_status":"closed","template":"","meta":{"site-sidebar-layout":"default","site-content-layout":"","ast-site-content-layout":"default","site-content-style":"default","site-sidebar-style":"default","ast-global-header-display":"","ast-banner-title-visibility":"","ast-main-header-display":"","ast-hfb-above-header-display":"","ast-hfb-below-header-display":"","ast-hfb-mobile-header-display":"","site-post-title":"","ast-breadcrumbs-content":"","ast-featured-img":"","footer-sml-layout":"","ast-disable-related-posts":"","theme-transparent-header-meta":"default","adv-header-id-meta":"","stick-header-meta":"","header-above-stick-meta":"","header-main-stick-meta":"","header-below-stick-meta":"","astra-migrate-meta-layouts":"set","ast-page-background-enabled":"default","ast-page-background-meta":{"desktop":{"background-color":"var(--ast-global-color-4)","background-image":"","background-repeat":"repeat","background-position":"center center","background-size":"auto","background-attachment":"scroll","background-type":"","background-media":"","overlay-type":"","overlay-color":"","overlay-opacity":"","overlay-gradient":""},"tablet":{"background-color":"","background-image":"","background-repeat":"repeat","background-position":"center center","background-size":"auto","background-attachment":"scroll","background-type":"","background-media":"","overlay-type":"","overlay-color":"","overlay-opacity":"","overlay-gradient":""},"mobile":{"background-color":"","background-image":"","background-repeat":"repeat","background-position":"center center","background-size":"auto","background-attachment":"scroll","background-type":"","background-media":"","overlay-type":"","overlay-color":"","overlay-opacity":"","overlay-gradient":""}},"ast-content-background-meta":{"desktop":{"background-color":"var(--ast-global-color-5)","background-image":"","background-repeat":"repeat","background-position":"center center","background-size":"auto","background-attachment":"scroll","background-type":"","background-media":"","overlay-type":"","overlay-color":"","overlay-opacity":"","overlay-gradient":""},"tablet":{"background-color":"var(--ast-global-color-5)","background-image":"","background-repeat":"repeat","background-position":"center center","background-size":"auto","background-attachment":"scroll","background-type":"","background-media":"","overlay-type":"","overlay-color":"","overlay-opacity":"","overlay-gradient":""},"mobile":{"background-color":"var(--ast-global-color-5)","background-image":"","background-repeat":"repeat","background-position":"center center","background-size":"auto","background-attachment":"scroll","background-type":"","background-media":"","overlay-type":"","overlay-color":"","overlay-opacity":"","overlay-gradient":""}}},"product_brand":[],"product_cat":[25],"product_tag":[],"class_list":{"0":"post-1990","1":"product","2":"type-product","3":"status-publish","4":"has-post-thumbnail","6":"product_cat-outillage-accessoires","7":"desktop-align-left","8":"tablet-align-left","9":"mobile-align-left","11":"first","12":"outofstock","13":"shipping-taxable","14":"purchasable","15":"product-type-simple"},"jetpack_sharing_enabled":true,"_links":{"self":[{"href":"https:\/\/storeelectromaroc.com\/index.php?rest_route=\/wp\/v2\/product\/1990","targetHints":{"allow":["GET"]}}],"collection":[{"href":"https:\/\/storeelectromaroc.com\/index.php?rest_route=\/wp\/v2\/product"}],"about":[{"href":"https:\/\/storeelectromaroc.com\/index.php?rest_route=\/wp\/v2\/types\/product"}],"replies":[{"embeddable":true,"href":"https:\/\/storeelectromaroc.com\/index.php?rest_route=%2Fwp%2Fv2%2Fcomments&post=1990"}],"wp:featuredmedia":[{"embeddable":true,"href":"https:\/\/storeelectromaroc.com\/index.php?rest_route=\/wp\/v2\/media\/1991"}],"wp:attachment":[{"href":"https:\/\/storeelectromaroc.com\/index.php?rest_route=%2Fwp%2Fv2%2Fmedia&parent=1990"}],"wp:term":[{"taxonomy":"product_brand","embeddable":true,"href":"https:\/\/storeelectromaroc.com\/index.php?rest_route=%2Fwp%2Fv2%2Fproduct_brand&post=1990"},{"taxonomy":"product_cat","embeddable":true,"href":"https:\/\/storeelectromaroc.com\/index.php?rest_route=%2Fwp%2Fv2%2Fproduct_cat&post=1990"},{"taxonomy":"product_tag","embeddable":true,"href":"https:\/\/storeelectromaroc.com\/index.php?rest_route=%2Fwp%2Fv2%2Fproduct_tag&post=1990"}],"curies":[{"name":"wp","href":"https:\/\/api.w.org\/{rel}","templated":true}]}}