{"id":1616,"date":"2026-01-23T17:25:44","date_gmt":"2026-01-23T17:25:44","guid":{"rendered":"https:\/\/storeelectromaroc.com\/?post_type=product&#038;p=1616"},"modified":"2026-04-03T14:43:31","modified_gmt":"2026-04-03T14:43:31","slug":"bme280-3-3v-capteur-de-pression-barometrique-temperature-humidite","status":"publish","type":"product","link":"https:\/\/storeelectromaroc.com\/?product=bme280-3-3v-capteur-de-pression-barometrique-temperature-humidite","title":{"rendered":"BME280 3.3V Capteur de Pression \/ Barom\u00e8trique \/ Temp\u00e9rature \/ Humidit\u00e9"},"content":{"rendered":"<h2 id=\"tab-description\">Sp\u00e9cifications et fonctionnalit\u00e9s :<\/h2>\n<div>\n<ol>\n<li>Obtenez des valeurs de temp\u00e9rature, de pression atmosph\u00e9rique et d\u2019altitude approximatives plus pr\u00e9cises<\/li>\n<li>Am\u00e9lioration de la navigation GPS (par exemple, am\u00e9lioration du d\u00e9lai avant le premier point, estimation \u00e0 l\u2019estime, d\u00e9tection de pente)<\/li>\n<li>Navigation int\u00e9rieure (d\u00e9tection d\u2019\u00e9tage, d\u00e9tection d\u2019ascenseur)<\/li>\n<li>Applications de navigation outdoor, loisirs et sports<\/li>\n<li>Pr\u00e9visions m\u00e9t\u00e9orologiques<\/li>\n<li>Applications de soins de sant\u00e9 (p. ex. spirom\u00e9trie)<\/li>\n<li>Indication de la vitesse verticale (par ex. vitesse de mont\u00e9e\/descente)<\/li>\n<li>Biblioth\u00e8ques et tutoriels disponibles pour Arduino et autres microcontr\u00f4leurs<\/li>\n<li>Tension de fonctionnement\u00a0: 1,71\u00a0V \u00e0 3,6\u00a0V \u2013 fonctionnerait g\u00e9n\u00e9ralement \u00e0 partir de 3,3\u00a0V<\/li>\n<li>Temp\u00e9rature de fonctionnement : -40 \u00e0 +85 degr\u00e9s.\u00a0Celsius (pr\u00e9cision totale entre 0 et +65 deg. C)<\/li>\n<li>Courant de cr\u00eate\u00a0: 1,12\u00a0mA<\/li>\n<li>Pression de fonctionnement : 300 hPa \u00e0 1100 hPa<\/li>\n<li>Pr\u00e9cision entre 700 \u00e0 900 hPa et 25 \u00e0 40 degr\u00e9s.\u00a0C\u00a0: \u00b10,12\u00a0hPa et \u00b11,0\u00a0m<\/li>\n<\/ol>\n<\/div>\n","protected":false},"excerpt":{"rendered":"<p>Sp\u00e9cifications et fonctionnalit\u00e9s : Obtenez des valeurs de temp\u00e9rature, de pression atmosph\u00e9rique et d\u2019altitude approximatives plus pr\u00e9cises Am\u00e9lioration de la [&hellip;]<\/p>\n","protected":false},"featured_media":1617,"comment_status":"open","ping_status":"closed","template":"","meta":{"site-sidebar-layout":"default","site-content-layout":"","ast-site-content-layout":"default","site-content-style":"default","site-sidebar-style":"default","ast-global-header-display":"","ast-banner-title-visibility":"","ast-main-header-display":"","ast-hfb-above-header-display":"","ast-hfb-below-header-display":"","ast-hfb-mobile-header-display":"","site-post-title":"","ast-breadcrumbs-content":"","ast-featured-img":"","footer-sml-layout":"","ast-disable-related-posts":"","theme-transparent-header-meta":"default","adv-header-id-meta":"","stick-header-meta":"","header-above-stick-meta":"","header-main-stick-meta":"","header-below-stick-meta":"","astra-migrate-meta-layouts":"set","ast-page-background-enabled":"default","ast-page-background-meta":{"desktop":{"background-color":"var(--ast-global-color-4)","background-image":"","background-repeat":"repeat","background-position":"center center","background-size":"auto","background-attachment":"scroll","background-type":"","background-media":"","overlay-type":"","overlay-color":"","overlay-opacity":"","overlay-gradient":""},"tablet":{"background-color":"","background-image":"","background-repeat":"repeat","background-position":"center center","background-size":"auto","background-attachment":"scroll","background-type":"","background-media":"","overlay-type":"","overlay-color":"","overlay-opacity":"","overlay-gradient":""},"mobile":{"background-color":"","background-image":"","background-repeat":"repeat","background-position":"center center","background-size":"auto","background-attachment":"scroll","background-type":"","background-media":"","overlay-type":"","overlay-color":"","overlay-opacity":"","overlay-gradient":""}},"ast-content-background-meta":{"desktop":{"background-color":"var(--ast-global-color-5)","background-image":"","background-repeat":"repeat","background-position":"center center","background-size":"auto","background-attachment":"scroll","background-type":"","background-media":"","overlay-type":"","overlay-color":"","overlay-opacity":"","overlay-gradient":""},"tablet":{"background-color":"var(--ast-global-color-5)","background-image":"","background-repeat":"repeat","background-position":"center center","background-size":"auto","background-attachment":"scroll","background-type":"","background-media":"","overlay-type":"","overlay-color":"","overlay-opacity":"","overlay-gradient":""},"mobile":{"background-color":"var(--ast-global-color-5)","background-image":"","background-repeat":"repeat","background-position":"center center","background-size":"auto","background-attachment":"scroll","background-type":"","background-media":"","overlay-type":"","overlay-color":"","overlay-opacity":"","overlay-gradient":""}}},"product_brand":[],"product_cat":[20],"product_tag":[],"class_list":{"0":"post-1616","1":"product","2":"type-product","3":"status-publish","4":"has-post-thumbnail","6":"product_cat-capteurs","7":"desktop-align-left","8":"tablet-align-left","9":"mobile-align-left","11":"first","12":"instock","13":"sale","14":"shipping-taxable","15":"purchasable","16":"product-type-simple"},"jetpack_sharing_enabled":true,"_links":{"self":[{"href":"https:\/\/storeelectromaroc.com\/index.php?rest_route=\/wp\/v2\/product\/1616","targetHints":{"allow":["GET"]}}],"collection":[{"href":"https:\/\/storeelectromaroc.com\/index.php?rest_route=\/wp\/v2\/product"}],"about":[{"href":"https:\/\/storeelectromaroc.com\/index.php?rest_route=\/wp\/v2\/types\/product"}],"replies":[{"embeddable":true,"href":"https:\/\/storeelectromaroc.com\/index.php?rest_route=%2Fwp%2Fv2%2Fcomments&post=1616"}],"wp:featuredmedia":[{"embeddable":true,"href":"https:\/\/storeelectromaroc.com\/index.php?rest_route=\/wp\/v2\/media\/1617"}],"wp:attachment":[{"href":"https:\/\/storeelectromaroc.com\/index.php?rest_route=%2Fwp%2Fv2%2Fmedia&parent=1616"}],"wp:term":[{"taxonomy":"product_brand","embeddable":true,"href":"https:\/\/storeelectromaroc.com\/index.php?rest_route=%2Fwp%2Fv2%2Fproduct_brand&post=1616"},{"taxonomy":"product_cat","embeddable":true,"href":"https:\/\/storeelectromaroc.com\/index.php?rest_route=%2Fwp%2Fv2%2Fproduct_cat&post=1616"},{"taxonomy":"product_tag","embeddable":true,"href":"https:\/\/storeelectromaroc.com\/index.php?rest_route=%2Fwp%2Fv2%2Fproduct_tag&post=1616"}],"curies":[{"name":"wp","href":"https:\/\/api.w.org\/{rel}","templated":true}]}}