{"id":1285,"date":"2026-01-06T15:42:10","date_gmt":"2026-01-06T15:42:10","guid":{"rendered":"https:\/\/storeelectromaroc.com\/?post_type=product&#038;p=1285"},"modified":"2026-04-01T18:56:02","modified_gmt":"2026-04-01T18:56:02","slug":"module-abaisseur-de-tension-lm2596-dc-dc-step-down-3a","status":"publish","type":"product","link":"https:\/\/storeelectromaroc.com\/?product=module-abaisseur-de-tension-lm2596-dc-dc-step-down-3a","title":{"rendered":"Module Abaisseur de Tension LM2596 \u2013 DC-DC Step Down 3A"},"content":{"rendered":"<h4 data-start=\"876\" data-end=\"905\"><strong data-start=\"883\" data-end=\"905\">Caract\u00e9ristiques :<\/strong><\/h4>\n<ul data-start=\"906\" data-end=\"1223\">\n<li data-start=\"906\" data-end=\"965\">\n<p data-start=\"908\" data-end=\"965\">Type :\u00a0<strong data-start=\"915\" data-end=\"963\">R\u00e9gulateur de tension DC-DC Step Down (Buck)<\/strong><\/p>\n<\/li>\n<li data-start=\"966\" data-end=\"988\">\n<p data-start=\"968\" data-end=\"988\">Puce :\u00a0<strong data-start=\"975\" data-end=\"986\">LM2596S<\/strong><\/p>\n<\/li>\n<li data-start=\"989\" data-end=\"1027\">\n<p data-start=\"991\" data-end=\"1027\">Tension d\u2019entr\u00e9e :\u00a0<strong data-start=\"1010\" data-end=\"1025\">4V \u00e0 40V DC<\/strong><\/p>\n<\/li>\n<li data-start=\"1028\" data-end=\"1082\">\n<p data-start=\"1030\" data-end=\"1082\">Tension de sortie :\u00a0<strong data-start=\"1050\" data-end=\"1080\">1.25V \u00e0 37V DC (ajustable)<\/strong><\/p>\n<\/li>\n<li data-start=\"1083\" data-end=\"1107\">\n<p data-start=\"1085\" data-end=\"1107\">Courant max :\u00a0<strong data-start=\"1099\" data-end=\"1105\">3A<\/strong><\/p>\n<\/li>\n<li data-start=\"1108\" data-end=\"1139\">\n<p data-start=\"1110\" data-end=\"1139\">Rendement : jusqu\u2019\u00e0\u00a0<strong data-start=\"1130\" data-end=\"1137\">92%<\/strong><\/p>\n<\/li>\n<li data-start=\"1140\" data-end=\"1189\">\n<p data-start=\"1142\" data-end=\"1189\">Potentiom\u00e8tre int\u00e9gr\u00e9 pour r\u00e9glage de tension<\/p>\n<\/li>\n<li data-start=\"1190\" data-end=\"1223\">\n<p data-start=\"1192\" data-end=\"1223\">Indicateur LED d\u2019alimentation<\/p>\n<\/li>\n<\/ul>\n","protected":false},"excerpt":{"rendered":"<p>Caract\u00e9ristiques : Type :\u00a0R\u00e9gulateur de tension DC-DC Step Down (Buck) Puce :\u00a0LM2596S Tension d\u2019entr\u00e9e :\u00a04V \u00e0 40V DC Tension de [&hellip;]<\/p>\n","protected":false},"featured_media":1286,"comment_status":"open","ping_status":"closed","template":"","meta":{"site-sidebar-layout":"default","site-content-layout":"","ast-site-content-layout":"default","site-content-style":"default","site-sidebar-style":"default","ast-global-header-display":"","ast-banner-title-visibility":"","ast-main-header-display":"","ast-hfb-above-header-display":"","ast-hfb-below-header-display":"","ast-hfb-mobile-header-display":"","site-post-title":"","ast-breadcrumbs-content":"","ast-featured-img":"","footer-sml-layout":"","ast-disable-related-posts":"","theme-transparent-header-meta":"default","adv-header-id-meta":"","stick-header-meta":"","header-above-stick-meta":"","header-main-stick-meta":"","header-below-stick-meta":"","astra-migrate-meta-layouts":"set","ast-page-background-enabled":"default","ast-page-background-meta":{"desktop":{"background-color":"var(--ast-global-color-4)","background-image":"","background-repeat":"repeat","background-position":"center center","background-size":"auto","background-attachment":"scroll","background-type":"","background-media":"","overlay-type":"","overlay-color":"","overlay-opacity":"","overlay-gradient":""},"tablet":{"background-color":"","background-image":"","background-repeat":"repeat","background-position":"center center","background-size":"auto","background-attachment":"scroll","background-type":"","background-media":"","overlay-type":"","overlay-color":"","overlay-opacity":"","overlay-gradient":""},"mobile":{"background-color":"","background-image":"","background-repeat":"repeat","background-position":"center center","background-size":"auto","background-attachment":"scroll","background-type":"","background-media":"","overlay-type":"","overlay-color":"","overlay-opacity":"","overlay-gradient":""}},"ast-content-background-meta":{"desktop":{"background-color":"var(--ast-global-color-5)","background-image":"","background-repeat":"repeat","background-position":"center center","background-size":"auto","background-attachment":"scroll","background-type":"","background-media":"","overlay-type":"","overlay-color":"","overlay-opacity":"","overlay-gradient":""},"tablet":{"background-color":"var(--ast-global-color-5)","background-image":"","background-repeat":"repeat","background-position":"center center","background-size":"auto","background-attachment":"scroll","background-type":"","background-media":"","overlay-type":"","overlay-color":"","overlay-opacity":"","overlay-gradient":""},"mobile":{"background-color":"var(--ast-global-color-5)","background-image":"","background-repeat":"repeat","background-position":"center center","background-size":"auto","background-attachment":"scroll","background-type":"","background-media":"","overlay-type":"","overlay-color":"","overlay-opacity":"","overlay-gradient":""}}},"product_brand":[],"product_cat":[21],"product_tag":[],"class_list":{"0":"post-1285","1":"product","2":"type-product","3":"status-publish","4":"has-post-thumbnail","6":"product_cat-modules-shields","7":"desktop-align-left","8":"tablet-align-left","9":"mobile-align-left","11":"first","12":"instock","13":"sale","14":"shipping-taxable","15":"purchasable","16":"product-type-simple"},"jetpack_sharing_enabled":true,"_links":{"self":[{"href":"https:\/\/storeelectromaroc.com\/index.php?rest_route=\/wp\/v2\/product\/1285","targetHints":{"allow":["GET"]}}],"collection":[{"href":"https:\/\/storeelectromaroc.com\/index.php?rest_route=\/wp\/v2\/product"}],"about":[{"href":"https:\/\/storeelectromaroc.com\/index.php?rest_route=\/wp\/v2\/types\/product"}],"replies":[{"embeddable":true,"href":"https:\/\/storeelectromaroc.com\/index.php?rest_route=%2Fwp%2Fv2%2Fcomments&post=1285"}],"wp:featuredmedia":[{"embeddable":true,"href":"https:\/\/storeelectromaroc.com\/index.php?rest_route=\/wp\/v2\/media\/1286"}],"wp:attachment":[{"href":"https:\/\/storeelectromaroc.com\/index.php?rest_route=%2Fwp%2Fv2%2Fmedia&parent=1285"}],"wp:term":[{"taxonomy":"product_brand","embeddable":true,"href":"https:\/\/storeelectromaroc.com\/index.php?rest_route=%2Fwp%2Fv2%2Fproduct_brand&post=1285"},{"taxonomy":"product_cat","embeddable":true,"href":"https:\/\/storeelectromaroc.com\/index.php?rest_route=%2Fwp%2Fv2%2Fproduct_cat&post=1285"},{"taxonomy":"product_tag","embeddable":true,"href":"https:\/\/storeelectromaroc.com\/index.php?rest_route=%2Fwp%2Fv2%2Fproduct_tag&post=1285"}],"curies":[{"name":"wp","href":"https:\/\/api.w.org\/{rel}","templated":true}]}}