{"id":1034,"date":"2025-12-25T17:08:05","date_gmt":"2025-12-25T17:08:05","guid":{"rendered":"https:\/\/storeelectromaroc.com\/?post_type=product&#038;p=1034"},"modified":"2026-04-03T14:50:51","modified_gmt":"2026-04-03T14:50:51","slug":"carte-nodemcu-esp8266","status":"publish","type":"product","link":"https:\/\/storeelectromaroc.com\/?product=carte-nodemcu-esp8266","title":{"rendered":"Carte NODEMCU ESP8266"},"content":{"rendered":"<h3>Caract\u00e9ristiques:<\/h3>\n<ul>\n<li>Alimentation:<br \/>\n\u2013 5 Vcc via micro-USB<br \/>\n\u2013\u00a05 \u00e0 9 Vcc via broche\u00a0Vin (r\u00e9gulateur int\u00e9gr\u00e9)<\/li>\n<li>Microcontr\u00f4leur: ESP8266<\/li>\n<li>Microprocesseur: Tensilica\u00a0LX106<\/li>\n<li>Fr\u00e9quence: 80 MHz<\/li>\n<li>M\u00e9moire RAM: 64 kB<\/li>\n<li>M\u00e9moire Flash: 96\u00a0kB<\/li>\n<li>10 E\/S digitales compatibles\u00a0PWM<\/li>\n<li>Interfaces: I2C, SPI, UART<\/li>\n<li>Interface Wifi 802.11 b\/g\/n 2,4 GHz<\/li>\n<li>Antenne int\u00e9gr\u00e9e<\/li>\n<li>Temp\u00e9rature de service: -40 \u00e0 125 \u00b0C<\/li>\n<li>Dimensions: 58 x 31 x 12 mm<\/li>\n<li>Version: 2<\/li>\n<\/ul>\n<p>R\u00e9f\u00e9rence fabricant: NodeMCU ESP8266<\/p>\n","protected":false},"excerpt":{"rendered":"<p>Caract\u00e9ristiques: Alimentation: \u2013 5 Vcc via micro-USB \u2013\u00a05 \u00e0 9 Vcc via broche\u00a0Vin (r\u00e9gulateur int\u00e9gr\u00e9) Microcontr\u00f4leur: ESP8266 Microprocesseur: Tensilica\u00a0LX106 Fr\u00e9quence: [&hellip;]<\/p>\n","protected":false},"featured_media":1035,"comment_status":"open","ping_status":"closed","template":"","meta":{"site-sidebar-layout":"default","site-content-layout":"","ast-site-content-layout":"default","site-content-style":"default","site-sidebar-style":"default","ast-global-header-display":"","ast-banner-title-visibility":"","ast-main-header-display":"","ast-hfb-above-header-display":"","ast-hfb-below-header-display":"","ast-hfb-mobile-header-display":"","site-post-title":"","ast-breadcrumbs-content":"","ast-featured-img":"","footer-sml-layout":"","ast-disable-related-posts":"","theme-transparent-header-meta":"default","adv-header-id-meta":"","stick-header-meta":"","header-above-stick-meta":"","header-main-stick-meta":"","header-below-stick-meta":"","astra-migrate-meta-layouts":"set","ast-page-background-enabled":"default","ast-page-background-meta":{"desktop":{"background-color":"var(--ast-global-color-4)","background-image":"","background-repeat":"repeat","background-position":"center center","background-size":"auto","background-attachment":"scroll","background-type":"","background-media":"","overlay-type":"","overlay-color":"","overlay-opacity":"","overlay-gradient":""},"tablet":{"background-color":"","background-image":"","background-repeat":"repeat","background-position":"center center","background-size":"auto","background-attachment":"scroll","background-type":"","background-media":"","overlay-type":"","overlay-color":"","overlay-opacity":"","overlay-gradient":""},"mobile":{"background-color":"","background-image":"","background-repeat":"repeat","background-position":"center center","background-size":"auto","background-attachment":"scroll","background-type":"","background-media":"","overlay-type":"","overlay-color":"","overlay-opacity":"","overlay-gradient":""}},"ast-content-background-meta":{"desktop":{"background-color":"var(--ast-global-color-5)","background-image":"","background-repeat":"repeat","background-position":"center center","background-size":"auto","background-attachment":"scroll","background-type":"","background-media":"","overlay-type":"","overlay-color":"","overlay-opacity":"","overlay-gradient":""},"tablet":{"background-color":"var(--ast-global-color-5)","background-image":"","background-repeat":"repeat","background-position":"center center","background-size":"auto","background-attachment":"scroll","background-type":"","background-media":"","overlay-type":"","overlay-color":"","overlay-opacity":"","overlay-gradient":""},"mobile":{"background-color":"var(--ast-global-color-5)","background-image":"","background-repeat":"repeat","background-position":"center center","background-size":"auto","background-attachment":"scroll","background-type":"","background-media":"","overlay-type":"","overlay-color":"","overlay-opacity":"","overlay-gradient":""}}},"product_brand":[],"product_cat":[24],"product_tag":[],"class_list":{"0":"post-1034","1":"product","2":"type-product","3":"status-publish","4":"has-post-thumbnail","6":"product_cat-cartes-de-developpements","7":"desktop-align-left","8":"tablet-align-left","9":"mobile-align-left","11":"first","12":"instock","13":"sale","14":"shipping-taxable","15":"purchasable","16":"product-type-simple"},"jetpack_sharing_enabled":true,"_links":{"self":[{"href":"https:\/\/storeelectromaroc.com\/index.php?rest_route=\/wp\/v2\/product\/1034","targetHints":{"allow":["GET"]}}],"collection":[{"href":"https:\/\/storeelectromaroc.com\/index.php?rest_route=\/wp\/v2\/product"}],"about":[{"href":"https:\/\/storeelectromaroc.com\/index.php?rest_route=\/wp\/v2\/types\/product"}],"replies":[{"embeddable":true,"href":"https:\/\/storeelectromaroc.com\/index.php?rest_route=%2Fwp%2Fv2%2Fcomments&post=1034"}],"wp:featuredmedia":[{"embeddable":true,"href":"https:\/\/storeelectromaroc.com\/index.php?rest_route=\/wp\/v2\/media\/1035"}],"wp:attachment":[{"href":"https:\/\/storeelectromaroc.com\/index.php?rest_route=%2Fwp%2Fv2%2Fmedia&parent=1034"}],"wp:term":[{"taxonomy":"product_brand","embeddable":true,"href":"https:\/\/storeelectromaroc.com\/index.php?rest_route=%2Fwp%2Fv2%2Fproduct_brand&post=1034"},{"taxonomy":"product_cat","embeddable":true,"href":"https:\/\/storeelectromaroc.com\/index.php?rest_route=%2Fwp%2Fv2%2Fproduct_cat&post=1034"},{"taxonomy":"product_tag","embeddable":true,"href":"https:\/\/storeelectromaroc.com\/index.php?rest_route=%2Fwp%2Fv2%2Fproduct_tag&post=1034"}],"curies":[{"name":"wp","href":"https:\/\/api.w.org\/{rel}","templated":true}]}}