{"id":2226,"date":"2026-02-27T01:34:49","date_gmt":"2026-02-27T01:34:49","guid":{"rendered":"https:\/\/storeelectromaroc.com\/?page_id=2226"},"modified":"2026-02-27T01:38:00","modified_gmt":"2026-02-27T01:38:00","slug":"politique-dechange-et-de-retour","status":"publish","type":"page","link":"https:\/\/storeelectromaroc.com\/?page_id=2226","title":{"rendered":"Politique d\u2019\u00e9change et de retour"},"content":{"rendered":"\t\t<div data-elementor-type=\"wp-page\" data-elementor-id=\"2226\" class=\"elementor elementor-2226\">\n\t\t\t\t<div class=\"elementor-element elementor-element-51c7a43 e-flex e-con-boxed e-con e-parent\" data-id=\"51c7a43\" data-element_type=\"container\">\n\t\t\t\t\t<div class=\"e-con-inner\">\n\t\t\t\t<div class=\"elementor-element elementor-element-97b0c75 elementor-widget elementor-widget-text-editor\" data-id=\"97b0c75\" data-element_type=\"widget\" data-widget_type=\"text-editor.default\">\n\t\t\t\t<div class=\"elementor-widget-container\">\n\t\t\t\t\t\t\t\t\t<title>Politique d\u2019\u00e9change et de retour<\/title>\n<\/head>\n<body>\n\n  <h1>Politique d\u2019\u00e9change et de retour<\/h1>\n\n  <p>\n    La pr\u00e9sente politique d\u2019\u00e9change et de retour d\u00e9finit les conditions applicables aux op\u00e9rations de retour et d\u2019\u00e9change sur notre boutique.\n  <\/p>\n\n  <ul>\n    <li>\n      L\u2019\u00e9change et le retour sont un droit garanti pour tous nos clients et s\u2019appliquent \u00e0 l\u2019ensemble des produits propos\u00e9s sur notre boutique.\n    <\/li>\n    <li>\n      Tous les produits affich\u00e9s sur notre boutique sont \u00e9ligibles \u00e0 la politique d\u2019\u00e9change et de retour conform\u00e9ment aux conditions \u00e9nonc\u00e9es sur cette page.\n    <\/li>\n    <li>\n      Le retour ou l\u2019\u00e9change est accept\u00e9 uniquement si le produit est dans son \u00e9tat d\u2019origine au moment de l\u2019achat et dans son emballage d\u2019origine.\n    <\/li>\n    <li>\n      Le d\u00e9lai de retour est de trois (3) jours et le d\u00e9lai d\u2019\u00e9change est de sept (7) jours \u00e0 compter de la date d\u2019achat.\n    <\/li>\n    <li>\n      Pour toute demande de retour ou d\u2019\u00e9change, veuillez nous contacter via la page \u00ab Contact \u00bb ou par t\u00e9l\u00e9phone.\n    <\/li>\n    <li>\n      Il est demand\u00e9 de prendre une photo du produit et de l\u2019envoyer en pr\u00e9cisant la ville, l\u2019adresse et le num\u00e9ro de commande, afin de proc\u00e9der \u00e0 l\u2019\u00e9change par un autre produit si celui-ci est d\u00e9fectueux, endommag\u00e9 ou non conforme \u00e0 l\u2019usage convenu.\n    <\/li>\n    <li>\n      Le remboursement int\u00e9gral est effectu\u00e9 si le produit re\u00e7u est totalement diff\u00e9rent de la description figurant sur la page produit de notre site.\n    <\/li>\n    <li>\n      Nous ne sommes pas responsables des attentes d\u2019utilisation du produit qui ne sont pas mentionn\u00e9es sur la page produit de notre site.\n    <\/li>\n    <li>\n      Une retenue de 30 % ou un montant minimum de 25 dirhams est appliqu\u00e9e si le client ne souhaite plus le produit alors qu\u2019il ne pr\u00e9sente aucun d\u00e9faut ni probl\u00e8me.\n    <\/li>\n  <\/ul>\n\n<\/body>\n<\/html>\t\t\t\t\t\t\t\t<\/div>\n\t\t\t\t<\/div>\n\t\t\t\t\t<\/div>\n\t\t\t\t<\/div>\n\t\t\t\t<\/div>\n\t\t","protected":false},"excerpt":{"rendered":"<p>Politique d\u2019\u00e9change et de retour Politique d\u2019\u00e9change et de retour La pr\u00e9sente politique d\u2019\u00e9change et de retour d\u00e9finit les conditions [&hellip;]<\/p>\n","protected":false},"author":1,"featured_media":0,"parent":0,"menu_order":0,"comment_status":"closed","ping_status":"closed","template":"","meta":{"site-sidebar-layout":"no-sidebar","site-content-layout":"","ast-site-content-layout":"full-width-container","site-content-style":"default","site-sidebar-style":"default","ast-global-header-display":"","ast-banner-title-visibility":"","ast-main-header-display":"","ast-hfb-above-header-display":"","ast-hfb-below-header-display":"","ast-hfb-mobile-header-display":"","site-post-title":"","ast-breadcrumbs-content":"","ast-featured-img":"disabled","footer-sml-layout":"","ast-disable-related-posts":"","theme-transparent-header-meta":"","adv-header-id-meta":"","stick-header-meta":"","header-above-stick-meta":"","header-main-stick-meta":"","header-below-stick-meta":"","astra-migrate-meta-layouts":"default","ast-page-background-enabled":"default","ast-page-background-meta":{"desktop":{"background-color":"var(--ast-global-color-4)","background-image":"","background-repeat":"repeat","background-position":"center center","background-size":"auto","background-attachment":"scroll","background-type":"","background-media":"","overlay-type":"","overlay-color":"","overlay-opacity":"","overlay-gradient":""},"tablet":{"background-color":"","background-image":"","background-repeat":"repeat","background-position":"center center","background-size":"auto","background-attachment":"scroll","background-type":"","background-media":"","overlay-type":"","overlay-color":"","overlay-opacity":"","overlay-gradient":""},"mobile":{"background-color":"","background-image":"","background-repeat":"repeat","background-position":"center center","background-size":"auto","background-attachment":"scroll","background-type":"","background-media":"","overlay-type":"","overlay-color":"","overlay-opacity":"","overlay-gradient":""}},"ast-content-background-meta":{"desktop":{"background-color":"var(--ast-global-color-5)","background-image":"","background-repeat":"repeat","background-position":"center center","background-size":"auto","background-attachment":"scroll","background-type":"","background-media":"","overlay-type":"","overlay-color":"","overlay-opacity":"","overlay-gradient":""},"tablet":{"background-color":"var(--ast-global-color-5)","background-image":"","background-repeat":"repeat","background-position":"center center","background-size":"auto","background-attachment":"scroll","background-type":"","background-media":"","overlay-type":"","overlay-color":"","overlay-opacity":"","overlay-gradient":""},"mobile":{"background-color":"var(--ast-global-color-5)","background-image":"","background-repeat":"repeat","background-position":"center center","background-size":"auto","background-attachment":"scroll","background-type":"","background-media":"","overlay-type":"","overlay-color":"","overlay-opacity":"","overlay-gradient":""}},"footnotes":""},"class_list":["post-2226","page","type-page","status-publish","hentry"],"jetpack_sharing_enabled":true,"_links":{"self":[{"href":"https:\/\/storeelectromaroc.com\/index.php?rest_route=\/wp\/v2\/pages\/2226","targetHints":{"allow":["GET"]}}],"collection":[{"href":"https:\/\/storeelectromaroc.com\/index.php?rest_route=\/wp\/v2\/pages"}],"about":[{"href":"https:\/\/storeelectromaroc.com\/index.php?rest_route=\/wp\/v2\/types\/page"}],"author":[{"embeddable":true,"href":"https:\/\/storeelectromaroc.com\/index.php?rest_route=\/wp\/v2\/users\/1"}],"replies":[{"embeddable":true,"href":"https:\/\/storeelectromaroc.com\/index.php?rest_route=%2Fwp%2Fv2%2Fcomments&post=2226"}],"version-history":[{"count":3,"href":"https:\/\/storeelectromaroc.com\/index.php?rest_route=\/wp\/v2\/pages\/2226\/revisions"}],"predecessor-version":[{"id":2229,"href":"https:\/\/storeelectromaroc.com\/index.php?rest_route=\/wp\/v2\/pages\/2226\/revisions\/2229"}],"wp:attachment":[{"href":"https:\/\/storeelectromaroc.com\/index.php?rest_route=%2Fwp%2Fv2%2Fmedia&parent=2226"}],"curies":[{"name":"wp","href":"https:\/\/api.w.org\/{rel}","templated":true}]}}