{"id":2190,"date":"2026-02-26T23:33:47","date_gmt":"2026-02-26T23:33:47","guid":{"rendered":"https:\/\/storeelectromaroc.com\/?page_id=2190"},"modified":"2026-04-03T16:05:54","modified_gmt":"2026-04-03T16:05:54","slug":"e-book","status":"publish","type":"page","link":"https:\/\/storeelectromaroc.com\/?page_id=2190","title":{"rendered":"E-book"},"content":{"rendered":"\t\t<div data-elementor-type=\"wp-page\" data-elementor-id=\"2190\" class=\"elementor elementor-2190\">\n\t\t\t\t<div class=\"elementor-element elementor-element-3a8b1f9 e-flex e-con-boxed e-con e-parent\" data-id=\"3a8b1f9\" data-element_type=\"container\">\n\t\t\t\t\t<div class=\"e-con-inner\">\n\t\t\t\t<div class=\"elementor-element elementor-element-c548fb2 elementor-widget elementor-widget-heading\" data-id=\"c548fb2\" data-element_type=\"widget\" data-widget_type=\"heading.default\">\n\t\t\t\t<div class=\"elementor-widget-container\">\n\t\t\t\t\t<h1 class=\"elementor-heading-title elementor-size-default\">E-books<\/h1>\t\t\t\t<\/div>\n\t\t\t\t<\/div>\n\t\t\t\t<div class=\"elementor-element elementor-element-a01aa0e elementor-widget elementor-widget-heading\" data-id=\"a01aa0e\" data-element_type=\"widget\" data-widget_type=\"heading.default\">\n\t\t\t\t<div class=\"elementor-widget-container\">\n\t\t\t\t\t<h4 class=\"elementor-heading-title elementor-size-default\">Des e-books pratiques que vous pouvez lire et t\u00e9l\u00e9charger instantan\u00e9ment<\/h4>\t\t\t\t<\/div>\n\t\t\t\t<\/div>\n\t\t\t\t<div class=\"elementor-element elementor-element-2854024 elementor-widget elementor-widget-heading\" data-id=\"2854024\" data-element_type=\"widget\" data-widget_type=\"heading.default\">\n\t\t\t\t<div class=\"elementor-widget-container\">\n\t\t\t\t\t<p class=\"elementor-heading-title elementor-size-default\">T\u00e9l\u00e9chargement instantan\u00e9   -   PDF<\/p>\t\t\t\t<\/div>\n\t\t\t\t<\/div>\n\t\t\t\t\t<\/div>\n\t\t\t\t<\/div>\n\t\t<div class=\"elementor-element elementor-element-d7ec31c e-flex e-con-boxed e-con e-parent\" data-id=\"d7ec31c\" data-element_type=\"container\" data-settings=\"{&quot;background_background&quot;:&quot;classic&quot;}\">\n\t\t\t\t\t<div class=\"e-con-inner\">\n\t\t<div class=\"elementor-element elementor-element-f3d4030 e-grid e-con-full e-con e-child\" data-id=\"f3d4030\" data-element_type=\"container\">\n\t\t<div class=\"elementor-element elementor-element-dc4ad6e e-con-full e-flex e-con e-child\" data-id=\"dc4ad6e\" data-element_type=\"container\">\n\t\t\t\t<div class=\"elementor-element elementor-element-0aa7651 elementor-widget elementor-widget-image\" data-id=\"0aa7651\" data-element_type=\"widget\" data-widget_type=\"image.default\">\n\t\t\t\t<div class=\"elementor-widget-container\">\n\t\t\t\t\t\t\t\t\t\t\t\t\t\t\t<img fetchpriority=\"high\" decoding=\"async\" width=\"721\" height=\"1024\" src=\"https:\/\/storeelectromaroc.com\/wp-content\/uploads\/2026\/02\/WhatsApp-Image-2026-02-26-at-11.42.38-PM-721x1024.jpeg\" class=\"attachment-large size-large wp-image-2199\" alt=\"whatsapp image 2026 02 26 at 11.42.38 pm\" srcset=\"https:\/\/storeelectromaroc.com\/wp-content\/uploads\/2026\/02\/WhatsApp-Image-2026-02-26-at-11.42.38-PM-721x1024.jpeg 721w, https:\/\/storeelectromaroc.com\/wp-content\/uploads\/2026\/02\/WhatsApp-Image-2026-02-26-at-11.42.38-PM-211x300.jpeg 211w, https:\/\/storeelectromaroc.com\/wp-content\/uploads\/2026\/02\/WhatsApp-Image-2026-02-26-at-11.42.38-PM-768x1091.jpeg 768w, https:\/\/storeelectromaroc.com\/wp-content\/uploads\/2026\/02\/WhatsApp-Image-2026-02-26-at-11.42.38-PM-600x852.jpeg 600w, https:\/\/storeelectromaroc.com\/wp-content\/uploads\/2026\/02\/WhatsApp-Image-2026-02-26-at-11.42.38-PM.jpeg 901w\" sizes=\"(max-width: 721px) 100vw, 721px\" title=\"E-book\">\t\t\t\t\t\t\t\t\t\t\t\t\t\t\t<\/div>\n\t\t\t\t<\/div>\n\t\t\t\t<div class=\"elementor-element elementor-element-acf501c elementor-widget elementor-widget-heading\" data-id=\"acf501c\" data-element_type=\"widget\" data-widget_type=\"heading.default\">\n\t\t\t\t<div class=\"elementor-widget-container\">\n\t\t\t\t\t<p class=\"elementor-heading-title elementor-size-default\">  \u0643\u062a\u064a\u0628 \u0627\u0644\u0645\u0634\u0627\u0631\u064a\u0639 \u0627\u0644\u062a\u0639\u0644\u064a\u0645\u064a\u0629 \u0628\u0627\u0633\u062a\u062e\u062f\u0627\u0645  <\/p>\t\t\t\t<\/div>\n\t\t\t\t<\/div>\n\t\t\t\t<div class=\"elementor-element elementor-element-d0fcf93 elementor-widget elementor-widget-heading\" data-id=\"d0fcf93\" data-element_type=\"widget\" data-widget_type=\"heading.default\">\n\t\t\t\t<div class=\"elementor-widget-container\">\n\t\t\t\t\t<p class=\"elementor-heading-title elementor-size-default\">Arduino UNO<\/p>\t\t\t\t<\/div>\n\t\t\t\t<\/div>\n\t\t<div class=\"elementor-element elementor-element-ab980d0 e-con-full e-flex e-con e-child\" data-id=\"ab980d0\" data-element_type=\"container\">\n\t\t\t\t<div class=\"elementor-element elementor-element-ff766f4 elementor-align-left elementor-widget elementor-widget-button\" data-id=\"ff766f4\" data-element_type=\"widget\" data-widget_type=\"button.default\">\n\t\t\t\t<div class=\"elementor-widget-container\">\n\t\t\t\t\t\t\t\t\t<div class=\"elementor-button-wrapper\">\n\t\t\t\t\t<a class=\"elementor-button elementor-button-link elementor-size-sm\" href=\"#\">\n\t\t\t\t\t\t<span class=\"elementor-button-content-wrapper\">\n\t\t\t\t\t\t\t\t\t<span class=\"elementor-button-text\">Lire<\/span>\n\t\t\t\t\t<\/span>\n\t\t\t\t\t<\/a>\n\t\t\t\t<\/div>\n\t\t\t\t\t\t\t\t<\/div>\n\t\t\t\t<\/div>\n\t\t\t\t<div class=\"elementor-element elementor-element-364cf85 elementor-align-right elementor-widget elementor-widget-button\" data-id=\"364cf85\" data-element_type=\"widget\" data-widget_type=\"button.default\">\n\t\t\t\t<div class=\"elementor-widget-container\">\n\t\t\t\t\t\t\t\t\t<div class=\"elementor-button-wrapper\">\n\t\t\t\t\t<a class=\"elementor-button elementor-button-link elementor-size-sm\" href=\"#\">\n\t\t\t\t\t\t<span class=\"elementor-button-content-wrapper\">\n\t\t\t\t\t\t\t\t\t<span class=\"elementor-button-text\">T\u00e9l\u00e9charger<\/span>\n\t\t\t\t\t<\/span>\n\t\t\t\t\t<\/a>\n\t\t\t\t<\/div>\n\t\t\t\t\t\t\t\t<\/div>\n\t\t\t\t<\/div>\n\t\t\t\t<\/div>\n\t\t\t\t<\/div>\n\t\t\t\t<\/div>\n\t\t\t\t\t<\/div>\n\t\t\t\t<\/div>\n\t\t\t\t<\/div>\n\t\t","protected":false},"excerpt":{"rendered":"<p>E-books Des e-books pratiques que vous pouvez lire et t\u00e9l\u00e9charger instantan\u00e9ment T\u00e9l\u00e9chargement instantan\u00e9 &#8211; PDF \u0643\u062a\u064a\u0628 \u0627\u0644\u0645\u0634\u0627\u0631\u064a\u0639 \u0627\u0644\u062a\u0639\u0644\u064a\u0645\u064a\u0629 \u0628\u0627\u0633\u062a\u062e\u062f\u0627\u0645 Arduino [&hellip;]<\/p>\n","protected":false},"author":1,"featured_media":0,"parent":0,"menu_order":0,"comment_status":"closed","ping_status":"closed","template":"","meta":{"site-sidebar-layout":"no-sidebar","site-content-layout":"","ast-site-content-layout":"full-width-container","site-content-style":"default","site-sidebar-style":"default","ast-global-header-display":"","ast-banner-title-visibility":"","ast-main-header-display":"","ast-hfb-above-header-display":"","ast-hfb-below-header-display":"","ast-hfb-mobile-header-display":"","site-post-title":"","ast-breadcrumbs-content":"","ast-featured-img":"disabled","footer-sml-layout":"","ast-disable-related-posts":"","theme-transparent-header-meta":"","adv-header-id-meta":"","stick-header-meta":"","header-above-stick-meta":"","header-main-stick-meta":"","header-below-stick-meta":"","astra-migrate-meta-layouts":"default","ast-page-background-enabled":"default","ast-page-background-meta":{"desktop":{"background-color":"var(--ast-global-color-4)","background-image":"","background-repeat":"repeat","background-position":"center center","background-size":"auto","background-attachment":"scroll","background-type":"","background-media":"","overlay-type":"","overlay-color":"","overlay-opacity":"","overlay-gradient":""},"tablet":{"background-color":"","background-image":"","background-repeat":"repeat","background-position":"center center","background-size":"auto","background-attachment":"scroll","background-type":"","background-media":"","overlay-type":"","overlay-color":"","overlay-opacity":"","overlay-gradient":""},"mobile":{"background-color":"","background-image":"","background-repeat":"repeat","background-position":"center center","background-size":"auto","background-attachment":"scroll","background-type":"","background-media":"","overlay-type":"","overlay-color":"","overlay-opacity":"","overlay-gradient":""}},"ast-content-background-meta":{"desktop":{"background-color":"var(--ast-global-color-5)","background-image":"","background-repeat":"repeat","background-position":"center center","background-size":"auto","background-attachment":"scroll","background-type":"","background-media":"","overlay-type":"","overlay-color":"","overlay-opacity":"","overlay-gradient":""},"tablet":{"background-color":"var(--ast-global-color-5)","background-image":"","background-repeat":"repeat","background-position":"center center","background-size":"auto","background-attachment":"scroll","background-type":"","background-media":"","overlay-type":"","overlay-color":"","overlay-opacity":"","overlay-gradient":""},"mobile":{"background-color":"var(--ast-global-color-5)","background-image":"","background-repeat":"repeat","background-position":"center center","background-size":"auto","background-attachment":"scroll","background-type":"","background-media":"","overlay-type":"","overlay-color":"","overlay-opacity":"","overlay-gradient":""}},"footnotes":""},"class_list":["post-2190","page","type-page","status-publish","hentry"],"jetpack_sharing_enabled":true,"_links":{"self":[{"href":"https:\/\/storeelectromaroc.com\/index.php?rest_route=\/wp\/v2\/pages\/2190","targetHints":{"allow":["GET"]}}],"collection":[{"href":"https:\/\/storeelectromaroc.com\/index.php?rest_route=\/wp\/v2\/pages"}],"about":[{"href":"https:\/\/storeelectromaroc.com\/index.php?rest_route=\/wp\/v2\/types\/page"}],"author":[{"embeddable":true,"href":"https:\/\/storeelectromaroc.com\/index.php?rest_route=\/wp\/v2\/users\/1"}],"replies":[{"embeddable":true,"href":"https:\/\/storeelectromaroc.com\/index.php?rest_route=%2Fwp%2Fv2%2Fcomments&post=2190"}],"version-history":[{"count":28,"href":"https:\/\/storeelectromaroc.com\/index.php?rest_route=\/wp\/v2\/pages\/2190\/revisions"}],"predecessor-version":[{"id":2255,"href":"https:\/\/storeelectromaroc.com\/index.php?rest_route=\/wp\/v2\/pages\/2190\/revisions\/2255"}],"wp:attachment":[{"href":"https:\/\/storeelectromaroc.com\/index.php?rest_route=%2Fwp%2Fv2%2Fmedia&parent=2190"}],"curies":[{"name":"wp","href":"https:\/\/api.w.org\/{rel}","templated":true}]}}